{"id":6180,"date":"2024-03-26T11:13:09","date_gmt":"2024-03-26T10:13:09","guid":{"rendered":"http:\/\/admin@vitoriabio.dz"},"modified":"2024-03-26T16:14:04","modified_gmt":"2024-03-26T15:14:04","slug":"instructions-dutilisation","status":"publish","type":"page","link":"https:\/\/vitoria.bio\/?page_id=6180","title":{"rendered":"Instructions d&#8217;utilisation"},"content":{"rendered":"\n<div style=\"height:100px\" aria-hidden=\"true\" class=\"wp-block-spacer\"><\/div>\n\n\n\n<figure class=\"wp-block-image size-full\"><a href=\"https:\/\/vitoria.bio\/wp-content\/uploads\/2024\/03\/2-6.png\"><img fetchpriority=\"high\" decoding=\"async\" width=\"899\" height=\"899\" src=\"https:\/\/vitoria.bio\/wp-content\/uploads\/2024\/03\/2-6.png\" alt=\"\" class=\"wp-image-6418\" srcset=\"https:\/\/vitoria.bio\/wp-content\/uploads\/2024\/03\/2-6.png 899w, https:\/\/vitoria.bio\/wp-content\/uploads\/2024\/03\/2-6-300x300.png 300w, https:\/\/vitoria.bio\/wp-content\/uploads\/2024\/03\/2-6-150x150.png 150w, https:\/\/vitoria.bio\/wp-content\/uploads\/2024\/03\/2-6-12x12.png 12w\" sizes=\"(max-width: 899px) 100vw, 899px\" \/><\/a><\/figure>\n\n\n\n<p><strong>Veuillez lire attentivement l&#8217;int\u00e9gralit\u00e9 de la notice avant d&#8217;utiliser ce produit, car elle contient des informations importantes.<\/strong><\/p>\n\n\n\n<p><strong>1. Qu&#8217;est-ce que l&#8217;huile Vitoria Bio ?<\/strong><strong><\/strong><\/p>\n\n\n\n<p>L&#8217;huile Vitoria Bio est le produit naturel id\u00e9al si vous cherchez une solution pour arr\u00eater la chute ou pour faire repousser vos cheveux en un temps record, avec des r\u00e9sultats continus m\u00eame apr\u00e8s l&#8217;arr\u00eat de l&#8217;utilisation. Il traite \u00e9galement les pellicules rebelles, \u00e9limine l&#8217;exc\u00e8s de s\u00e9bum et am\u00e9liore \u00e9galement la nature des cheveux. L&#8217;huile Vitoria Bio est efficace dans tous les cas de calvitie, m\u00eame h\u00e9r\u00e9ditaire.<\/p>\n\n\n\n<p><strong><\/strong><strong>2. Pr\u00e9cautions d&#8217;emploi :<\/strong><\/p>\n\n\n\n<p><strong><\/strong><strong>*mode d&#8217;emploi<\/strong><strong><\/strong><\/p>\n\n\n\n<p>&#8211; Prenez une photo nette et bien clair de vos cheveux de haut avant le d\u00e9but du traitement, comme cette photo pour la comparer avec une photo similaire apr\u00e8s deux mois de traitement.<\/p>\n\n\n\n<p>&#8211; Faire en sorte que l&#8217;ensemble des cheveux seront de la m\u00eame longueur pour qu&#8217;ils soitent nourri de la m\u00eame mani\u00e8re (tr\u00e8s n\u00e9cessaire) avant de commencer le traitement pour voir des r\u00e9sultats satisfaisants.<\/p>\n\n\n\n<p>&#8211; Le non-respect de cette condition rendra les r\u00e9sultats tr\u00e8s modestes malheureusement, (surtout les hommes qui recourent aux cheveux longs pour couvrir le vide)<\/p>\n\n\n\n<p>&#8211; Bien manger avant de l&#8217;utiliser (tr\u00e8s n\u00e9cessaire) pour obtenir des r\u00e9sultats rapides et \u00e9viter la baisse de la tension art\u00e9rielle et de glyc\u00e9mie caus\u00e9e par l&#8217;huile de menthe poivr\u00e9e.<\/p>\n\n\n\n<p>&#8211; Les cheveux doivent \u00eatre compl\u00e8tement secs et exempts de toute substance.<\/p>\n\n\n\n<p>&#8211; Mouillez l&#8217;ensemble des cheveux et du cuir chevelu avec de l&#8217;huile, m\u00eame les zones qui ne souffrent pas de calvitie<\/p>\n\n\n\n<p>&#8211; L&#8217;huile doit \u00eatre mis sur n&#8217;importe quelle zone du cuir chevelu, m\u00eame les c\u00f4t\u00e9s et l&#8217;arri\u00e8re, et doit \u00eatre mis sur le cuir chevelu et les cheveux et non pas sur le cuir chevelu uniquement,avec un l\u00e9ger massage pour faire p\u00e9n\u00e9trer l&#8217;huile dans le cuir chevelu -couvrir les cheveux avec un sac en plastique (l&#8217;utilisation du sac est n\u00e9cessaire)<\/p>\n\n\n\n<p>-Laver les cheveux apr\u00e8s une demi-heure avec du shampoing, et non pas seulement avec de l&#8217;eau.Le shampoing doit \u00eatre \u00e9pais et non l\u00e9ger (c&#8217;est-\u00e0-dire non aqueux), donc veillez utiliser une marque bien connue et originale.<\/p>\n\n\n\n<p>&#8211; Veuillez respecter tout ce qui est indiqu\u00e9 dans la m\u00e9thode d&#8217;utilisation, car le non-respect de l&#8217;une des conditions ci-dessus affectera l&#8217;efficacit\u00e9 de l&#8217;huile Vitoria Bio.<\/p>\n\n\n\n<p>&#8211; L&#8217;huile Vittoria Bio arr\u00eate la chute pathologique d\u00e8s la premi\u00e8re utilisation (la chute naturelle automatique reste, qui ne d\u00e9passe pas 30 cheveux par jour), ainsi vous serez s\u00fbr que votre utilisation a \u00e9t\u00e9 correcte.<\/p>\n\n\n\n<p>&#8211; L&#8217;huile Vitoria Bio pour faire repousser les cheveux a besoin de prot\u00e9ines naturelles : viande, poulet, \u0153ufs, lait, poissons, fromage&#8230; Par cons\u00e9quent, une nutrition \u00e9quilibr\u00e9e et appropri\u00e9e est n\u00e9cessaire lors de son utilisation pour la croissance des cheveux.<\/p>\n\n\n\n<p>&#8211; Apr\u00e8s avoir utilis\u00e9 l&#8217;huile Vitoria Bio pendant deux semaines, il faut faire une pause de deux semaines pour une meilleure croissance des cheveux<\/p>\n\n\n\n<p><strong><\/strong><strong>Pr\u00e9cautions d&#8217;emploi:<\/strong><\/p>\n\n\n\n<p>-Ne pas utiliser par les femmes enceintes et allaitantes et les enfants de moins de 10 ans<\/p>\n\n\n\n<p>-Bien manger est n\u00e9cessaire avant de l&#8217;utiliser.<\/p>\n\n\n\n<p>-Seulement pour usage externe<\/p>\n\n\n\n<p>-Ne pas laisser \u00e0 la port\u00e9e des enfants.<\/p>\n\n\n\n<p>&#8211; Ne jamais utiliser avec d&#8217;autres huiles<\/p>\n\n\n\n<p>&#8211; Ne pas utiliser sur cuir chevelu mouill\u00e9, il doit \u00eatre compl\u00e8tement sec<\/p>\n\n\n\n<p>&#8211; Les cheveux ne doivent pas \u00eatre propres avant de l&#8217;utiliser, mais ils doivent \u00eatre exempts d&#8217;autres substances (cr\u00e8me,gel&#8230;.)<\/p>\n\n\n\n<p>&#8211; Si les cheveux sont tr\u00e8s gras, il est bon de se laver les cheveux avant d&#8217;utiliser l&#8217;huile Vitoria Bio, en prenant soin de les s\u00e9cher compl\u00e8tement avant d&#8217;appliquer l&#8217;huile Vitoria Bio.<\/p>\n\n\n\n<p>&#8211; Il est pr\u00e9f\u00e9rable de mettre un bonnet ou un chapeau en laine sur le sac en plastique pour r\u00e9chauffer les cheveux pendant l&#8217;application de l&#8217;huile Vitoria Bio, afin d&#8217;obtenir de meilleurs r\u00e9sultats.<\/p>\n\n\n\n<p>&#8211; L&#8217;huile Vitoria Bio suffit seule pour stopper la chute et faire repousser les cheveux, mais il est possible d&#8217;y ajouter des compl\u00e9ments alimentaires comme le fer, l&#8217;acide folique, la biotine et la vitamine D notamment, et de s&#8217;assurer que les r\u00e9serves de fer sont plus de 70.<\/p>\n\n\n\n<p>&#8211; Pour les patients atteints BG d&#8217;une hypothyro\u00efdie,ou hyperthyro\u00efdie, l&#8217;huile Vittoria Bio est tr\u00e8s efficace et rend les cheveux forts et ne seront affect\u00e9s par aucune hormone.<\/p>\n\n\n\n<p>&#8211; Couvrir les cheveux avec un chapeau ou une casquette pendant la dur\u00e9e de traitement n&#8217;affecte pas l&#8217;efficacit\u00e9 de l&#8217;huile Vitoria Bio, \u00e0 condition de bien la laver pour \u00e9liminer les champignons qui sont incrust\u00e9s<\/p>\n\n\n\n<p>&#8211; Vous ressentirez une sensation de br\u00fblure et de rafra\u00eechissement lors de son utilisation, ce qui est normal et un bon indice preuve qu&#8217;il donnera de bons r\u00e9sultats.<\/p>\n\n\n\n<p>&#8211; Pour les femmes : Cette huile ne fait pas repousser les poils du visage, mais \u00e9vitez tout contact avec les bras et les jambes car elle augmente la densit\u00e9 et la longueur des poils.<\/p>\n\n\n\n<p>&#8211; Pour les femmes : Comme la plupart des femmes ont les cheveux longs, le comblement des vides n&#8217;appara\u00eetra \u00e0 l&#8217;\u0153il nu que lorsque les cheveux apparus apr\u00e8s l&#8217;utilisation de l&#8217;huile s&#8217;allongent, c&#8217;est-\u00e0-dire apr\u00e8s 3 ou 4 mois ou plus.<\/p>\n\n\n\n<p>&#8211; Veuillez r\u00e9duire autant que possible la longueur des cheveux avant de commencer le traitement afin de ne pas \u00eatre oblig\u00e9 d&#8217;acheter plus de bouteilles.<\/p>\n\n\n\n<p>&#8211; Les cheveux qui poussent apr\u00e8s l&#8217;utilisation de l&#8217;huile ne retombent pas et reprennent leur couleur naturelle d&#8217;origine.<\/p>\n\n\n\n<p>&#8211; Veuillez l&#8217;utiliser avec prudence chez les patients diab\u00e9tiques et les patients hypotendus et les hypertendus, et mangez avant de l&#8217;utiliser, car l&#8217;huile de menthe poivr\u00e9e provoque une baisse de la glyc\u00e9mie et une baisse de la tention art\u00e9rielle .<\/p>\n\n\n\n<p>&#8211; L&#8217;utilisation de cette huile augmente l&#8217;app\u00e9tit car le sang arrive correctement au cuir chevelu qui avait besoin de nutriments pour la croissance des cheveux.<\/p>\n\n\n\n<p>&#8211; Pour les sportifs, il faut doubler votre portion de prot\u00e9ines (viande, viande blanche&#8230;) dans un repas, car les prot\u00e9ines sont indispensables pour la repousse des cheveux.<\/p>\n\n\n\n<p>&#8211; Apr\u00e8s la premi\u00e8re utilisation de l&#8217;huile Vitoria Bio, la chute de cheveux pathologique dispara\u00eet compl\u00e8tement d\u00e8s la premi\u00e8re utilisation (la chute naturelle reste qui ne d\u00e9passe pas 30 cheveux par jour), et ainsi vous serez s\u00fbr que votre utilisation a \u00e9t\u00e9 correcte.<\/p>\n\n\n\n<p>Attention : veuillez ne pas l&#8217;utiliser en cas de mauvaise nutrition et en cas de r\u00e9gime, et en cas d&#8217;an\u00e9mie s\u00e9v\u00e8re, pendant les menstruations et les jours post-partum.<\/p>\n\n\n\n<p>&#8211; Il est pr\u00e9f\u00e9rable de ne pas l&#8217;utiliser avec du minoxidil, et si cela se produit et que vous \u00eates un utilisateur de minoxidil, veuillez l&#8217;arr\u00eater progressivement apr\u00e8s avoir commenc\u00e9 \u00e0 utiliser l&#8217;huile Vitoria Bio.<\/p>\n\n\n\n<p>&#8211; Cette huile est \u00e9galement utilis\u00e9e pour pr\u00e9venir l&#8217;alop\u00e9cie h\u00e9r\u00e9ditaire.<\/p>\n\n\n\n<p>&#8211; Lors de l&#8217;utilisation de cette huile, veuillez l&#8217;appliquer et la r\u00e9partir sur le cuir chevelu et cheveux avec un l\u00e9ger massage (pas un massage fort) pour assurer sa p\u00e9n\u00e9tration dans le cuir chevelu.<\/p>\n\n\n\n<p>&#8211; Laissez l&#8217;huile sur les cheveux seulement une demi-heure et au maximum 45 minutes pour des meilleurs r\u00e9sultats(veuillez respecter cette condition)<\/p>\n\n\n\n<p>&#8211; Si vous souffrez de la chute avec une perte de densit\u00e9 et des pellicules simultan\u00e9ment, vous aurez besoin de plus de bouteilles que d&#8217;habitude.<\/p>\n\n\n\n<p>&#8211; L&#8217;utilisation du Minoxidil avant, m\u00eame il y a 20 ans, dans ce cas les cheveux auront besoin de plus de flacons d&#8217;huile Vitoria Bio, car les cheveux mettent du temps \u00e0 se d\u00e9barrasser des effets n\u00e9fastes de Minoxidil,<\/p>\n\n\n\n<p>(l&#8217;huile Vitoria Bio \u00e9limine les effets de minoxidil d\u00e9finitivement avec le temps)<\/p>\n\n\n\n<p>&#8211; L&#8217;huile Vittoria Bio traite m\u00eame la calvitie tr\u00e8s avanc\u00e9e, \u00e0 condition qu&#8217;il y ait des pores ouverts sur le cuir chevelu pour que les cheveux sortent, mais si vous souffrez d&#8217;une calvitie tr\u00e8s tr\u00e8s avanc\u00e9e et que vous avez d\u00e9j\u00e0 utilis\u00e9 du Minoxidil, nous vous d\u00e9conseillons d&#8217;utiliser l&#8217;huile Vitoria car vous aurez besoin d&#8217;un grand nombre de flacons pour un r\u00e9sultat qui peut \u00eatre modeste et ne d\u00e9passe pas probablement l&#8217;apparition de petits poils,Cette note s&#8217;applique \u00e9galement aux personnes atteintes d&#8217;une pelade totale qui ont d\u00e9j\u00e0 utilis\u00e9 du minoxidil.<\/p>\n\n\n\n<p>&#8211; Ne pas utiliser avec un dermaroller.<\/p>\n\n\n\n<p>&#8211; Cette huile donne des r\u00e9sultats meilleurs, plus forts et plus durables que les r\u00e9sultats du minoxidil ou de tout autre traitement, et ils ne dispara\u00eessent pas apr\u00e8s l&#8217;avoir arr\u00eat\u00e9.<\/p>\n\n\n\n<p>&#8211; L&#8217;huile de Vitoria stoppe la chute des cheveux d\u00e8s la premi\u00e8re utilisation pour tous les clients, mais pour ceux qui utilisaient du minoxidil auparavant, la chute diminue et ne s&#8217;arr\u00eate pas compl\u00e8tement et 30% de la repousse retombe, jusqu&#8217;\u00e0 que les effets du minoxidil disparaissent avec le temps, cela signifie qu&#8217;ils ont besoin d&#8217;un peu plus de flacons que ceux qui n&#8217;ont jamais utilis\u00e9 de minoxidil auparavant.<\/p>\n\n\n\n<p>-la repousse des cheveux commencent d&#8217;abord \u00e0 appara\u00eetre dans l&#8217;arri\u00e8re de la cr\u00e2ne(vertex), puis avancent vers l&#8217;avant, donc si vous souffrez de cheveux claircem\u00e9s \u00e0 l&#8217;avant et \u00e0 l&#8217;arri\u00e8re, vous remarquerez d&#8217;abord les r\u00e9sultats sur la zone derri\u00e8re.<\/p>\n\n\n\n<p>&#8211; Si vous souhaitez faire r\u00e9duire le front uniquement, c&#8217;est \u00e0 dire que vos cheveux ne manquent pas de densit\u00e9 et le grand front vous pose un probl\u00e8me, dans ce cas utilisez huile une ou deux fois seulement sur l&#8217;ensemble de la chevelure, puis on compl\u00e8te en le posant sur la zone vide uniquement tous les soirs par exemple, apr\u00e8s avoir mang\u00e9, vous mettez des gouttes sur la zone vide fontale, vous faites un l\u00e9ger massage pour faire p\u00e9n\u00e9trer l&#8217;huile, Couvrez-le avec un sac en plastique et lavez-le avec du shampooing apr\u00e8s une demi-heure.<\/p>\n\n\n\n<p>&#8211; Pour les sourcils , utilisez-la une heure ou deux avant de vous coucher et lavez-la le matin.<\/p>\n\n\n\n<p>&#8211; Pour les cils et la pelade totale, veuillez nous contacter pour obtenir la bonne m\u00e9thode d&#8217;utilisation<\/p>\n\n\n\n<p>&#8211; Cette huile arr\u00eate la chute des cheveux d\u00e8s la premi\u00e8re utilisation,mais si la perte est s\u00e9v\u00e8re et ne s&#8217;est pas arr\u00eat\u00e9e d\u00e8s la premi\u00e8re utilisation, veuillez l&#8217;utiliser pendant trois jours cons\u00e9cutifs, puis proc\u00e9dez en fonction du degr\u00e9 de calvitie.<\/p>\n\n\n\n<p>&#8211; La premi\u00e8re utilisation est tr\u00e8s importante, il faut donc en utiliser une quantit\u00e9 suffisante et abondante lors de la premi\u00e8re utilisation (presque une demi-bouteille), puis diviser ce qui reste dans la bouteille en 5 ou 6 utilisations ou moins si les cheveux sont longs.<\/p>\n\n\n\n<p>&#8211; L&#8217;huile Vittoria Bio est utilis\u00e9e sur l&#8217;ensemble des cheveux et du cuir chevelu, ce qui signifie qu&#8217;il ne faut laisser aucune zone de la t\u00eate qui ne soit pas mouill\u00e9e d&#8217;huile m\u00eame les c\u00f4t\u00e9s et les cheveux par derri\u00e8re, m\u00eame s&#8217;il n&#8217;y a pas de vide dans ces zones, c&#8217;est pour \u00e9liminer tous les champignons et les parasites pr\u00e9sents dans les cheveux et s&#8217;assurer qu&#8217;ils ne reviennent plus,le non respect de cette condition ou de l&#8217;une des conditions pr\u00e9c\u00e9dentes entra\u00eenera une diminution de l&#8217;efficacit\u00e9 de l&#8217;huile Vittoria Bio, et donc les r\u00e9sultats seront faibles.<\/p>\n\n\n\n<p>&#8211; D\u00e8s la premi\u00e8re utilisation, la perte pathologique dispara\u00eetra d\u00e9finitivement, apr\u00e8s quelques jours ne reviendra que la perte naturelle, qui, comme nous l&#8217;avons dit pr\u00e9c\u00e9demment, ne d\u00e9passe pas 30 cheveux.<\/p>\n\n\n\n<p>&#8211; Respecter la m\u00e9thode d&#8217;utilisation dans son int\u00e9gralit\u00e9 est tr\u00e8s important pour voir les r\u00e9sultats souhait\u00e9s et s\u00fbrs si l&#8217;utilisation est correcte.<\/p>\n\n\n\n<p><strong>Le nombre de fois d&#8217;utilisation par semaine, en fonction de l&#8217;\u00e9tat des cheveux<\/strong><\/p>\n\n\n\n<p><strong><em>Veuillez vous r\u00e9f\u00e9rer aux images de l&#8217;avis en arabe<\/em><\/strong><strong><em><\/em><\/strong><\/p>\n\n\n\n<p><em>(<\/em><strong>1)<\/strong><em> <\/em><strong>photo de pelade <\/strong>: une fois par semaine sur l&#8217;ensemble des cheveux pour stopper la chute et s&#8217;assurer que la pelade ne r\u00e9appara\u00eet plus.<\/p>\n\n\n\n<p>Les autres jours sur la zone de pelade seulement (les jours o\u00f9 elle n&#8217;est pas utilis\u00e9e sur l&#8217;ensemble des cheveux) on apporte une compresse st\u00e9rile, on frotte bien la zone jusqu&#8217;\u00e0 ce qu&#8217;une l\u00e9g\u00e8re rougeur apparaisse.On met quelques gouttes d&#8217;huile Vitoria Bio et on fait un l\u00e9ger massage jusqu&#8217;\u00e0 ce que l&#8217;huile p\u00e9n\u00e8tre dans la peau (une sensation de br\u00fblure commencera apr\u00e8s cela, ne pas s&#8217;inqui\u00e9ter), puis laissez l&#8217;huile et ne lavez pas, et le processus est r\u00e9p\u00e9t\u00e9 4 ou cinq jours cons\u00e9cutifs , puis on arr\u00eate 4 ou 5 jours pour laisser pousser les cheveux et on continue apr\u00e8s 4 ou 5 jours et on fait une pause le m\u00eame<\/p>\n\n\n\n<p>nombre de jours et ainsi de suite Jusqu&#8217;\u00e0 ce que les cheveux repoussent, ensuite on arr\u00eate.<\/p>\n\n\n\n<p><strong>(2) En cas de cheveux courts :<\/strong><\/p>\n\n\n\n<p>Photo de cheveux clairsem\u00e9s : si vous avez perdu environ 10 % de vos cheveux, comme la photo. Ou vous avez une zone vide ou plusieurs zones ,avec un pourcentage de 10% de perte de densit\u00e9,ou vous avez d\u00e9but de chute cheveux seulement, l&#8217;utilisation de l&#8217;huile Vitoria Bio n&#8217;est qu&#8217;une fois par semaine ,et apr\u00e8s toutes les deux semaines d&#8217;utilisation, vous arr\u00eatez de l&#8217;utiliser pendant deux semaines.<\/p>\n\n\n\n<p><strong>(2-1) Photo de cheveux plus que clairs :<\/strong> si vous avez perdu environ 30 % de vos cheveux, comme la photo. Ou vous avez une ou plusieurs zones vides \u00e0 30 %. L&#8217;huile Vitoria Bio n&#8217;est utilis\u00e9e que deux fois par semaine (un jour sur trois ), et apr\u00e8s toutes les deux semaines d&#8217;utilisation, vous arr\u00eatez de l&#8217;utiliser pendant deux semaines.<\/p>\n\n\n\n<p><strong>(2-2) Photo de cheveux tr\u00e8s clairs et avanc\u00e9s<\/strong> : si vous avez perdu 50 % de vos cheveux ou plus, comme sur la photo. Ou vous avez une ou plusieurs zones vides de 50 % ou plus. L&#8217;utilisation de l&#8217;huile Vitoria Bio est de 3 fois par semaine (un jour sur deux), et apr\u00e8s toutes les deux semaines d&#8217;utilisation, vous arr\u00eatez de l&#8217;utiliser pendant deux semaines.<\/p>\n\n\n\n<p><strong>(3) Personne compl\u00e8tement chauve :<\/strong> Dans ce cas et lorsqu&#8217;il n&#8217;y a pas de pores ouverts pour que les cheveux puissent sortir, ce n&#8217;est pas la peine d&#8217;utiliser l&#8217;huile de vitoria bio<\/p>\n\n\n\n<p><strong>(4) &#8211; Dans le cas de cheveux longs :<\/strong><\/p>\n\n\n\n<p><strong>(1-4) cheveux clairsem\u00e9s <\/strong>: si vous avez perdu environ 10 % de vos cheveux, comme sur la photo. Ou vous avez une zone vide ou plusieurs zones de 10 pour cent ou le d\u00e9but de la perte de cheveux seulement, utilisez Vittoria Bio Oil une fois par semaine seulement et apr\u00e8s toutes les deux semaines d&#8217;utilisation, arr\u00eatez de l&#8217;utiliser pendant deux semaines.<\/p>\n\n\n\n<p><strong>(2-4) Plus qu&#8217;une perte de cheveux <\/strong>: Si vous avez perdu environ 30 % de vos cheveux, comme sur la photo. Ou vous avez une zone clairsem\u00e9e ou plusieurs zones de 30 %. Utilisez Vittoria Bio Oil seulement deux fois par semaine (un jour sur trois), et apr\u00e8s chaque p\u00e9riode de deux semaines d&#8217;utilisation, arr\u00eatez l&#8217;utilisation pendant deux semaines.<\/p>\n\n\n\n<p><strong>(3-4) cheveux tr\u00e8s clairsem\u00e9s et calvitie avanc\u00e9e <\/strong>: Si vous avez perdu 50 % de vos cheveux ou plus comme sur la photo. Ou vous avez une zone vide ou plusieurs zones de 50 % ou plus. Utilisez Vittoria Bio Oil seulement 3 fois par semaine (un jour \u00e0 la fois), et apr\u00e8s toutes les deux semaines d&#8217;utilisation, arr\u00eatez l&#8217;utilisation pendant deux semaines.<\/p>\n\n\n\n<p><strong>Remarque <\/strong>: comme il a \u00e9t\u00e9 mentionn\u00e9 pr\u00e9c\u00e9demment \u00e0 propos du retard de croissance des cheveux dans la zone frontale , car la croissance des cheveux se fait de l&#8217;arri\u00e8re vers l&#8217;avant et non l&#8217;inverse. Par cons\u00e9quent, si vous souhaitez acc\u00e9l\u00e9rer la croissance des cheveux dans la zone frontale, vous devez utiliser l&#8217;huile sur l&#8217;ensemble des cheveux une, deux ou trois fois par semaine, selon votre cas.<\/p>\n\n\n\n<p>Les autres jours, vous l&#8217;utilisez sur la zone frontale uniquement apr\u00e8s avoir mang\u00e9 et avant de se coucher par exemple, chaque nuit, vous mettez des gouttes sur la zone vide du front, vous faites un l\u00e9ger massage pour faire p\u00e9n\u00e9trer l&#8217;huile dans le cuir chevelu, recouvrez-le d&#8217;un sac en plastique et lavez-le avec du shampooing apr\u00e8s une demi-heure et il n&#8217;est pas n\u00e9cessaire que l&#8217;utilisation soit chaque nuit.<\/p>\n\n\n\n<p>&#8211; Apr\u00e8s avoir r\u00e9cup\u00e9rer vos cheveux avec l&#8217;huile Vitoria Bio, veuillez visiter notre site Web ou notre page pour recevoir des conseils et des instructions utiles.<\/p>\n","protected":false},"excerpt":{"rendered":"<p>Veuillez lire attentivement l&#8217;int\u00e9gralit\u00e9 de la notice avant d&#8217;utiliser ce produit, car elle contient des informations importantes. 1. Qu&#8217;est-ce que l&#8217;huile Vitoria Bio ? L&#8217;huile Vitoria Bio est le produit naturel id\u00e9al si vous cherchez une solution pour arr\u00eater la chute ou pour faire repousser vos cheveux en un temps record, avec des r\u00e9sultats continus [&hellip;]<\/p>\n","protected":false},"author":1,"featured_media":0,"parent":0,"menu_order":0,"comment_status":"closed","ping_status":"closed","template":"","meta":{"footnotes":""},"class_list":["post-6180","page","type-page","status-publish","hentry"],"_links":{"self":[{"href":"https:\/\/vitoria.bio\/index.php?rest_route=\/wp\/v2\/pages\/6180","targetHints":{"allow":["GET"]}}],"collection":[{"href":"https:\/\/vitoria.bio\/index.php?rest_route=\/wp\/v2\/pages"}],"about":[{"href":"https:\/\/vitoria.bio\/index.php?rest_route=\/wp\/v2\/types\/page"}],"author":[{"embeddable":true,"href":"https:\/\/vitoria.bio\/index.php?rest_route=\/wp\/v2\/users\/1"}],"replies":[{"embeddable":true,"href":"https:\/\/vitoria.bio\/index.php?rest_route=%2Fwp%2Fv2%2Fcomments&post=6180"}],"version-history":[{"count":0,"href":"https:\/\/vitoria.bio\/index.php?rest_route=\/wp\/v2\/pages\/6180\/revisions"}],"wp:attachment":[{"href":"https:\/\/vitoria.bio\/index.php?rest_route=%2Fwp%2Fv2%2Fmedia&parent=6180"}],"curies":[{"name":"wp","href":"https:\/\/api.w.org\/{rel}","templated":true}]}}